{"id":451,"date":"2022-05-09T10:03:15","date_gmt":"2022-05-09T10:03:15","guid":{"rendered":"https:\/\/caremallorca.com\/politica-de-cookies\/"},"modified":"2022-05-09T10:03:15","modified_gmt":"2022-05-09T10:03:15","slug":"politica-de-cookies","status":"publish","type":"page","link":"https:\/\/caremallorca.com\/es\/politica-de-cookies\/","title":{"rendered":"Pol\u00edtica de cookies"},"content":{"rendered":"<p>&nbsp;<\/p>\n<p>\u00bfQu\u00e9 es una cookie?<\/p>\n<p>Una cookie es un fichero que se descarga en un dispositivo (ordenador o tel\u00e9fono m\u00f3vil) al acceder a determinadas p\u00e1ginas web. Las cookies permiten a una p\u00e1gina web, entre otras cosas, almacenar y recuperar informaci\u00f3n sobre los h\u00e1bitos de navegaci\u00f3n de un usuario o de un equipo y, dependiendo de la informaci\u00f3n que contengan y de la forma en que utilice su equipo, pueden utilizarse para reconocer al usuario.<\/p>\n<p>Cookies que utiliza esta p\u00e1gina web<\/p>\n<ul>\n<li>Cookies de seguridad: permite autenticar a los usuarios para proteger los datos frente a terceros no autorizados.<\/li>\n<li>Cookies anal\u00edticas: son aquellas que permiten al responsable de las mismas el seguimiento y el an\u00e1lisis del comportamiento de los usuarios de la p\u00e1gina web.<\/li>\n<li>Cookies de sesi\u00f3n: son un tipo de cookies dise\u00f1adas para recabar y almacenar datos mientras el usuario accede a la p\u00e1gina web.<\/li>\n<li>Cookies persistentes: son un tipo de cookies en el que los datos siguen almacenados en el terminal y pueden ser accedidos y tratados por un periodo definido por el responsable de la cookie.<\/li>\n<\/ul>\n<p>Bloquear y borrar cookies<\/p>\n<p>Usted puede permitir, bloquear o eliminar las cookies instaladas en su equipo mediante la configuraci\u00f3n de las opciones del navegador instalado en su ordenador.<br \/>\n\u00d8 Para m\u00e1s informaci\u00f3n sobre como bloquear y borrar el uso de las cookies con el navegador Firefox pulse\u00a0<a href=\"https:\/\/support.mozilla.org\/es\/kb\/impedir-que-los-sitios-web-guarden-sus-preferencia\">aqu\u00ed\u00a0<\/a>.<br \/>\n\u00d8 Para m\u00e1s informaci\u00f3n sobre como bloquear y borrar el uso de las cookies en el navegador de Google Chrome pulse\u00a0<a href=\"https:\/\/support.google.com\/chrome\/answer\/95647?hl=es\">aqu\u00ed\u00a0<\/a>.<br \/>\n\u00d8 Para m\u00e1s informaci\u00f3n sobre como bloquear y borrar el uso de las cookies con el navegador Internet Explorer pulse\u00a0<a href=\"http:\/\/windows.microsoft.com\/es-es\/windows7\/how-to-manage-cookies-in-internet-explorer-9\">aqu\u00ed\u00a0<\/a>.<\/p>\n<p>Detalle de las cookies<\/p>\n<table border=\"1\" width=\"1160\" cellspacing=\"0\" cellpadding=\"0\">\n<tbody>\n<tr>\n<td width=\"88\">NOMBRE<\/td>\n<td width=\"179\">TIPO\/FINALIDAD<\/td>\n<td width=\"97\">CADUCIDAD<\/td>\n<td width=\"90\">TITULAR<\/td>\n<td width=\"127\">M\u00c1S INFORMACION<\/td>\n<\/tr>\n<tr>\n<td width=\"88\">SID<\/td>\n<td width=\"179\">Cookie de seguridad<\/td>\n<td width=\"97\">Al finalizar la sesi\u00f3n de navegaci\u00f3n<\/td>\n<td width=\"90\">Google<\/td>\n<td width=\"127\"><a href=\"http:\/\/www.google.com\/intl\/es\/policies\/privacy\/\">Pol\u00edtica de \u00a0 privacidad de Google<\/a><\/td>\n<\/tr>\n<tr>\n<td width=\"88\">__utma<\/td>\n<td width=\"179\">Cookie anal\u00edtica: recoge informaci\u00f3n acerca de las visitas del \u00a0 usuario a la p\u00e1gina web.<\/td>\n<td width=\"97\">En dos a\u00f1os<\/td>\n<td width=\"90\">Google analytics<\/td>\n<td width=\"127\"><a href=\"http:\/\/www.google.com\/intl\/es\/policies\/privacy\/\">Pol\u00edtica de \u00a0 privacidad de Google<\/a><\/td>\n<\/tr>\n<tr>\n<td width=\"88\">__utmb<\/td>\n<td width=\"179\">Cookie anal\u00edtica: recoge informaci\u00f3n del momento en el que el usuario \u00a0 entra en la p\u00e1gina web.<\/td>\n<td width=\"97\">En 30 minutos<\/td>\n<td width=\"90\">Google analytics<\/td>\n<td width=\"127\"><a href=\"http:\/\/www.google.com\/intl\/es\/policies\/privacy\/\">Pol\u00edtica de \u00a0 privacidad de Google<\/a><\/td>\n<\/tr>\n<tr>\n<td width=\"88\">__utmc<\/td>\n<td width=\"179\">Cookie anal\u00edtica: recoge informaci\u00f3n del momento en el que el usuario \u00a0 sale de la p\u00e1gina web<\/td>\n<td width=\"97\">Al finalizar la sesi\u00f3n del navegador<\/td>\n<td width=\"90\">Google analytics<\/td>\n<td width=\"127\"><a href=\"http:\/\/www.google.com\/intl\/es\/policies\/privacy\/\">Pol\u00edtica de \u00a0 privacidad de Google<\/a><\/td>\n<\/tr>\n<tr>\n<td width=\"88\">__utmz<\/td>\n<td width=\"179\">Cookie anal\u00edtica: recoge acerca de c\u00f3mo ha encontrado el usuario la \u00a0 p\u00e1gina web.<\/td>\n<td width=\"97\">En 6 meses<\/td>\n<td width=\"90\">Google analytics<\/td>\n<td width=\"127\"><a href=\"http:\/\/www.google.com\/intl\/es\/policies\/privacy\/\">Pol\u00edtica de \u00a0 privacidad de Google<\/a><\/td>\n<\/tr>\n<\/tbody>\n<\/table>\n","protected":false},"excerpt":{"rendered":"<p>&nbsp; \u00bfQu\u00e9 es una cookie? Una cookie es un fichero que se descarga en un dispositivo (ordenador o tel\u00e9fono m\u00f3vil) al acceder a determinadas p\u00e1ginas web. Las cookies permiten a&#8230;<\/p>\n","protected":false},"author":1,"featured_media":0,"parent":0,"menu_order":0,"comment_status":"closed","ping_status":"closed","template":"","meta":{"footnotes":""},"class_list":["post-451","page","type-page","status-publish"],"aioseo_notices":[],"_links":{"self":[{"href":"https:\/\/caremallorca.com\/es\/wp-json\/wp\/v2\/pages\/451","targetHints":{"allow":["GET"]}}],"collection":[{"href":"https:\/\/caremallorca.com\/es\/wp-json\/wp\/v2\/pages"}],"about":[{"href":"https:\/\/caremallorca.com\/es\/wp-json\/wp\/v2\/types\/page"}],"author":[{"embeddable":true,"href":"https:\/\/caremallorca.com\/es\/wp-json\/wp\/v2\/users\/1"}],"replies":[{"embeddable":true,"href":"https:\/\/caremallorca.com\/es\/wp-json\/wp\/v2\/comments?post=451"}],"version-history":[{"count":0,"href":"https:\/\/caremallorca.com\/es\/wp-json\/wp\/v2\/pages\/451\/revisions"}],"wp:attachment":[{"href":"https:\/\/caremallorca.com\/es\/wp-json\/wp\/v2\/media?parent=451"}],"curies":[{"name":"wp","href":"https:\/\/api.w.org\/{rel}","templated":true}]}}