{"id":450,"date":"2022-01-03T17:23:57","date_gmt":"2022-01-03T17:23:57","guid":{"rendered":"https:\/\/caremallorca.com\/aviso-legal\/"},"modified":"2022-01-03T17:23:57","modified_gmt":"2022-01-03T17:23:57","slug":"aviso-legal","status":"publish","type":"page","link":"https:\/\/caremallorca.com\/es\/aviso-legal\/","title":{"rendered":"Aviso legal"},"content":{"rendered":"\r\n<p><b>1.- Titular del Sitio Web<\/b><\/p>\r\n<ul>\r\n<li>Care Mallorca<\/li>\r\n<\/ul>\r\n<p><b>2.- Pol\u00edtica de privacidad y protecci\u00f3n de datos personales<\/b><\/p>\r\n<p><i>2.1.- Ejercicio de Derechos de Protecci\u00f3n de Datos<\/i><\/p>\r\n<p>Los usuarios pueden dirigir una comunicaci\u00f3n por escrito al domicilio de <b><i>CARE MALLORCA <\/i><\/b>o a la direcci\u00f3n de correo electr\u00f3nico indicado en el encabezamiento de este aviso legal, incluyendo en ambos casos fotocopia de su DNI u otro documento identificativo similar, para solicitar el ejercicio de los derechos de\u00a0acceso,\u00a0rectificaci\u00f3n,\u00a0cancelaci\u00f3n\u00a0y\u00a0oposici\u00f3n.<\/p>\r\n<p><i>2.2.- V\u00edas a trav\u00e9s de las cuales se recaban datos personales. Finalidades del tratamiento<\/i><\/p>\r\n<p>Se permite al usuario el env\u00edo no cifrado de sus datos personales a trav\u00e9s de formularios de contacto de tipo est\u00e1ndar. Los datos personales recogidos ser\u00e1n objeto de tratamiento automatizado e incorporados a los correspondientes ficheros de los que <b><i>CARE MALLORCA <\/i><\/b>es titular. Asimismo, podr\u00e1 facilitarnos sus datos a trav\u00e9s de tel\u00e9fono, correo electr\u00f3nico y otros medios de comunicaci\u00f3n indicados en la secci\u00f3n de contacto. La finalidad del tratamiento de estos datos ser\u00e1 \u00fanicamente la de prestarle la informaci\u00f3n o servicios que nos solicite.<\/p>\r\n<p><i>2.3.- Redes sociales<\/i><\/p>\r\n<p><b><i>CARE MALLORCA <\/i><\/b>cuenta con perfil en las principales redes sociales profesionales de Internet (Facebook, Twitter), reconoci\u00e9ndose en todos los casos responsable del tratamiento de los datos de sus seguidores, fans, suscriptores, comentaristas y otros perfiles de usuarios (en adelante, seguidores). El tratamiento que <b><i>CARE MALLORCA <\/i><\/b>llevar\u00e1 a cabo con dichos datos ser\u00e1, como m\u00e1ximo, el que la red social permita a los perfiles corporativos. As\u00ed pues,<b><i> CARE MALLORCA <\/i><\/b>podr\u00e1 informar a sus seguidores por cualquier v\u00eda que la red social permita sobre sus actividades, ponencias, ofertas, as\u00ed como prestar servicio personalizado de atenci\u00f3n al cliente. En ning\u00fan caso <b><i>CARE MALLORCA <\/i><\/b>extraer\u00e1 datos de las redes sociales, a menos que se obtuviera puntual y expresamente el consentimiento del usuario para ello. Cuando, debido a la propia naturaleza de las redes sociales, el ejercicio efectivo de los derechos del seguidor quede supeditado a la modificaci\u00f3n del perfil personal de \u00e9ste, <b><i>CARE MALLORCA <\/i><\/b>le ayudar\u00e1 y aconsejar\u00e1 a tal fin en la medida de sus posibilidades.<\/p>\r\n<p>.<\/p>\r\n<p><b>3.- Responsabilidad por el contenido del Sitio Web y el Blog<\/b><\/p>\r\n<p>El Sitio Web y el Blog contienen textos elaborados con fines meramente informativos o divulgativos que pueden no reflejar el estado actual de la legislaci\u00f3n o la jurisprudencia y que se refieren a situaciones generales por lo que su contenido no puede ser aplicado nunca por el usuario a casos concretos. Las opiniones vertidas en los mismos no reflejan necesariamente los puntos de vista de <b><i>CARE MALLORCA<\/i><\/b>. El contenido de los art\u00edculos publicados en este Sitio Web y el Blog no puede ser considerado, en ning\u00fan caso, sustitutivo de asesoramiento legal. El usuario no debe actuar sobre la base de la informaci\u00f3n contenida en este Sitio Web o el Blog sin recurrir previamente al correspondiente asesoramiento profesional.<\/p>\r\n<p><b><i>CARE MALLORCA <\/i><\/b>velar\u00e1, en la medida de lo posible, por el correcto funcionamiento del Sitio Web y el Blog, la correcci\u00f3n de su contenido y la veracidad de lo publicado en \u00e9l. Sin embargo, no se responsabiliza de los errores u omisiones de los que pudieran adolecer los contenidos del Sitio Web, el Blog u otros contenidos a los que se pueda acceder a trav\u00e9s del mismo. Asimismo, el usuario exonera de responsabilidad a <b><i>CARE MALLORCA <\/i><\/b>por el uso que pudiera hacer de los contenidos del Sitio Web sin contar previamente con el necesario consejo legal de <b><i>CARE MALLORCA<\/i><\/b>.<\/p>\r\n<p><b><i>CARE MALLORCA <\/i><\/b>velar\u00e1, en la medida de lo posible, por la seguridad inform\u00e1tica de los soportes t\u00e9cnicos usados por el usuario en su navegaci\u00f3n por las p\u00e1ginas del Sitio Web y el Blog. Sin embargo, debido a que Internet no puede ser considerado un medio seguro, <b><i>CARE MALLORCA <\/i><\/b>no puede garantizar la ausencia de virus u otros elementos lesivos, introducidos por terceros, que pudieran causar da\u00f1os o alteraciones en el sistema inform\u00e1tico, en los documentos electr\u00f3nicos o en los ficheros del usuario que visite este Sitio Web y el Blog. En consecuencia, <b><i>CARE MALLORCA <\/i><\/b>no responder\u00e1 por los da\u00f1os y perjuicios que tales elementos pudieran ocasionar al usuario o a terceros.<\/p>\r\n<p>Los enlaces o links que puedan contener el Sitio Web y el Blog pueden conducir al usuario a otros sitios y p\u00e1ginas web gestionadas por terceros, sobre las que <b><i>CARE MALLORCA <\/i><\/b>no tiene ninguna responsabilidad. <b><i>CARE MALLORCA <\/i><\/b>no responde ni de los contenidos ni del estado de dichos sitios y p\u00e1ginas web, y el acceso a las mismas a trav\u00e9s de este Sitio Web o el Blog tampoco implica que <b><i>CARE MALLORCA <\/i><\/b>recomiende o apruebe sus contenidos.<\/p>\r\n<p>&nbsp;<\/p>\r\n<p><b>4.-\u00a0Normativa y Jurisdicci\u00f3n<\/b><\/p>\r\n<p>Las presentes Condiciones de Uso del Sitio Web se rigen en todos y cada uno de sus extremos por la ley espa\u00f1ola. El idioma de redacci\u00f3n e interpretaci\u00f3n de este aviso legal es el espa\u00f1ol. Este aviso legal no se archivar\u00e1 individualmente para cada usuario sino que permanecer\u00e1 permanentemente accesible por medio de Internet en este mismo sitio web.<\/p>\r\n<p>Los Usuarios pueden someterse al Sistema Arbitral de Consumo para resolver cualquier controversia, conflicto o reclamaci\u00f3n derivada del presente texto o de cualquier actividad de <b><i>CARE MALLORCA<\/i><\/b>. Siempre que el Usuario no sea \u201cconsumidor o usuario\u201d conforme los define la normativa espa\u00f1ola, las partes acuerdan someterse a los Juzgados y Tribunales de Palma de Mallorca, por ser \u00e9ste el lugar de celebraci\u00f3n del contrato, con renuncia expresa a cualquier otra jurisdicci\u00f3n que pudiera corresponderles.<\/p>\r\n","protected":false},"excerpt":{"rendered":"<p>1.- Titular del Sitio Web Care Mallorca 2.- Pol\u00edtica de privacidad y protecci\u00f3n de datos personales 2.1.- Ejercicio de Derechos de Protecci\u00f3n de Datos Los usuarios pueden dirigir una comunicaci\u00f3n&#8230;<\/p>\n","protected":false},"author":1,"featured_media":0,"parent":0,"menu_order":0,"comment_status":"closed","ping_status":"open","template":"","meta":{"footnotes":""},"class_list":["post-450","page","type-page","status-publish"],"aioseo_notices":[],"_links":{"self":[{"href":"https:\/\/caremallorca.com\/es\/wp-json\/wp\/v2\/pages\/450","targetHints":{"allow":["GET"]}}],"collection":[{"href":"https:\/\/caremallorca.com\/es\/wp-json\/wp\/v2\/pages"}],"about":[{"href":"https:\/\/caremallorca.com\/es\/wp-json\/wp\/v2\/types\/page"}],"author":[{"embeddable":true,"href":"https:\/\/caremallorca.com\/es\/wp-json\/wp\/v2\/users\/1"}],"replies":[{"embeddable":true,"href":"https:\/\/caremallorca.com\/es\/wp-json\/wp\/v2\/comments?post=450"}],"version-history":[{"count":0,"href":"https:\/\/caremallorca.com\/es\/wp-json\/wp\/v2\/pages\/450\/revisions"}],"wp:attachment":[{"href":"https:\/\/caremallorca.com\/es\/wp-json\/wp\/v2\/media?parent=450"}],"curies":[{"name":"wp","href":"https:\/\/api.w.org\/{rel}","templated":true}]}}